{"id":9060,"date":"2021-11-04T15:48:08","date_gmt":"2024-02-21T15:52:18","guid":{"rendered":"https:\/\/turtle.homewizard.energy\/shop\/wi-fi-p1-matare\/"},"modified":"2024-03-08T16:47:44","modified_gmt":"2024-03-08T15:47:44","slug":"wi-fi-p1-matare","status":"publish","type":"product","link":"https:\/\/turtle.homewizard.energy\/sv\/product\/wi-fi-p1-matare\/","title":{"rendered":"Wi-Fi P1-m\u00e4tare"},"content":{"rendered":"\n<p class=\" eplus-wrapper\"><em>Givakt! P\u00e5 smarta m\u00e4tare med SMR version 5.0 eller h\u00f6gre fungerar P1-m\u00e4taren direkt fr\u00e5n P1-porten. F\u00f6r smarta m\u00e4tare med en l\u00e4gre SMR-version kr\u00e4vs en <a href=\"https:\/\/turtle.homewizard.energy\/shop\/micro-usb-adapter-set\/\">mikro-USB-str\u00f6mf\u00f6rs\u00f6rjning<\/a>.<\/em><\/p>\n\n<h2 class=\"eplus-wrapper wp-block-heading\">Insikt i din el- och gasanv\u00e4ndning<\/h2>\n\n<p class=\" eplus-wrapper\">Hur mycket gas f\u00f6rbrukar du n\u00e4r du duschar? Hur mycket standby-tid har dina enheter p\u00e5 natten? HomeWizard P1-m\u00e4taren ger dig detaljerad insikt i din el- och gasf\u00f6rbrukning samt inmatning.<\/p>\n\n<p class=\" eplus-wrapper\"><\/p>\n\n<h2 class=\"eplus-wrapper wp-block-heading\">Fungerar med din smarta m\u00e4tare<\/h2>\n\n<p class=\" eplus-wrapper\">P1-m\u00e4taren klickas in i P1-porten p\u00e5 din smarta m\u00e4tare och visar el- och gasf\u00f6rbrukningen i ditt hem. P1-m\u00e4taren \u00e4r kompatibel med alla smarta m\u00e4tare i Nederl\u00e4nderna och Belgien, och p\u00e5 moderna smarta m\u00e4tare beh\u00f6ver du inte ens en str\u00f6madapter! Anslut, anslut till Wi-Fi, klart.<\/p>\n\n<p class=\" eplus-wrapper\"><\/p>\n\n<h2 class=\"eplus-wrapper wp-block-heading\">Fungerar med din gasm\u00e4tare<\/h2>\n\n<p class=\" eplus-wrapper\">P1-m\u00e4taren visar ocks\u00e5 gasf\u00f6rbrukningen i ditt hem via den smarta m\u00e4taren. P\u00e5 s\u00e5 s\u00e4tt vet du alltid exakt hur mycket gas du f\u00f6rbrukar n\u00e4r du duschar.<\/p>\n\n<p class=\" eplus-wrapper\"><\/p>\n\n<h2 class=\"eplus-wrapper wp-block-heading\">I f\u00f6rpackningen.<\/h2>\n<ul class=\"eplus-wrapper wp-block-list eplus-styles-uid-1018e6\"><li>P1 M\u00e4tare<\/li><li>Snabbstartsguide<\/li><\/ul>\n<div style=\"height:32px\" aria-hidden=\"true\" class=\"wp-block-spacer eplus-wrapper\"><\/div>\n\n<p class=\" eplus-wrapper\"><a href=\"https:\/\/turtle.homewizard.energy\/p1-meter\/\">Mer information om P1 meter<\/a><\/p>\n","protected":false},"excerpt":{"rendered":"<p>Anslut till den smarta m\u00e4taren och m\u00e4t el, gas och inmatning i realtid<\/p>\n","protected":false},"featured_media":9061,"comment_status":"open","ping_status":"closed","template":"","meta":{"_acf_changed":false,"editor_plus_copied_stylings":"{}"},"product_brand":[],"product_cat":[112,113],"product_tag":[],"class_list":{"0":"post-9060","1":"product","2":"type-product","3":"status-publish","4":"has-post-thumbnail","6":"product_cat-alla","7":"product_cat-produkter","8":"product_shipping_class-mailbox-sv","10":"first","11":"instock","12":"taxable","13":"shipping-taxable","14":"purchasable","15":"product-type-simple"},"acf":[],"yoast_head":"<!-- This site is optimized with the Yoast SEO plugin v27.0 - https:\/\/yoast.com\/product\/yoast-seo-wordpress\/ -->\n<title>Wi-Fi P1-m\u00e4tare - HomeWizard<\/title>\n<meta name=\"description\" content=\"F\u00e5 insikt i din energianv\u00e4ndning med HomeWizard Wi-Fi P1-m\u00e4taren. Visa detaljerade live- och historiska grafer i Energy-appen.\" \/>\n<meta name=\"robots\" content=\"noindex, follow, max-snippet:-1, max-image-preview:large, max-video-preview:-1\" \/>\n<meta property=\"og:locale\" content=\"sv_SE\" \/>\n<meta property=\"og:type\" content=\"article\" \/>\n<meta property=\"og:title\" content=\"Wi-Fi P1-m\u00e4tare - HomeWizard\" \/>\n<meta property=\"og:description\" content=\"F\u00e5 insikt i din energianv\u00e4ndning med HomeWizard Wi-Fi P1-m\u00e4taren. Visa detaljerade live- och historiska grafer i Energy-appen.\" \/>\n<meta property=\"og:url\" content=\"https:\/\/turtle.homewizard.energy\/sv\/product\/wi-fi-p1-matare\/\" \/>\n<meta property=\"og:site_name\" content=\"HomeWizard\" \/>\n<meta property=\"article:publisher\" content=\"https:\/\/www.facebook.com\/HomeWizardBV\/\" \/>\n<meta property=\"article:modified_time\" content=\"2024-03-08T15:47:44+00:00\" \/>\n<meta property=\"og:image\" content=\"https:\/\/turtle.homewizard.energy\/wp-content\/uploads\/2021\/11\/P1_meter_front.png\" \/>\n\t<meta property=\"og:image:width\" content=\"800\" \/>\n\t<meta property=\"og:image:height\" content=\"800\" \/>\n\t<meta property=\"og:image:type\" content=\"image\/png\" \/>\n<meta name=\"twitter:card\" content=\"summary_large_image\" \/>\n<meta name=\"twitter:label1\" content=\"Ber\u00e4knad l\u00e4stid\" \/>\n\t<meta name=\"twitter:data1\" content=\"1 minut\" \/>\n<script type=\"application\/ld+json\" class=\"yoast-schema-graph\">{\"@context\":\"https:\/\/schema.org\",\"@graph\":[{\"@type\":\"WebPage\",\"@id\":\"https:\/\/turtle.homewizard.energy\/sv\/product\/wi-fi-p1-matare\/\",\"url\":\"https:\/\/turtle.homewizard.energy\/sv\/product\/wi-fi-p1-matare\/\",\"name\":\"Wi-Fi P1-m\u00e4tare - HomeWizard\",\"isPartOf\":{\"@id\":\"https:\/\/turtle.homewizard.energy\/#website\"},\"primaryImageOfPage\":{\"@id\":\"https:\/\/turtle.homewizard.energy\/sv\/product\/wi-fi-p1-matare\/#primaryimage\"},\"image\":{\"@id\":\"https:\/\/turtle.homewizard.energy\/sv\/product\/wi-fi-p1-matare\/#primaryimage\"},\"thumbnailUrl\":\"https:\/\/turtle.homewizard.energy\/wp-content\/uploads\/2021\/11\/P1_meter_front.png\",\"datePublished\":\"2024-02-21T15:52:18+00:00\",\"dateModified\":\"2024-03-08T15:47:44+00:00\",\"description\":\"F\u00e5 insikt i din energianv\u00e4ndning med HomeWizard Wi-Fi P1-m\u00e4taren. Visa detaljerade live- och historiska grafer i Energy-appen.\",\"breadcrumb\":{\"@id\":\"https:\/\/turtle.homewizard.energy\/sv\/product\/wi-fi-p1-matare\/#breadcrumb\"},\"inLanguage\":\"sv-SE\",\"potentialAction\":[{\"@type\":\"ReadAction\",\"target\":[\"https:\/\/turtle.homewizard.energy\/sv\/product\/wi-fi-p1-matare\/\"]}]},{\"@type\":\"ImageObject\",\"inLanguage\":\"sv-SE\",\"@id\":\"https:\/\/turtle.homewizard.energy\/sv\/product\/wi-fi-p1-matare\/#primaryimage\",\"url\":\"https:\/\/turtle.homewizard.energy\/wp-content\/uploads\/2021\/11\/P1_meter_front.png\",\"contentUrl\":\"https:\/\/turtle.homewizard.energy\/wp-content\/uploads\/2021\/11\/P1_meter_front.png\",\"width\":800,\"height\":800},{\"@type\":\"BreadcrumbList\",\"@id\":\"https:\/\/turtle.homewizard.energy\/sv\/product\/wi-fi-p1-matare\/#breadcrumb\",\"itemListElement\":[{\"@type\":\"ListItem\",\"position\":1,\"name\":\"Home\",\"item\":\"https:\/\/turtle.homewizard.energy\/\"},{\"@type\":\"ListItem\",\"position\":2,\"name\":\"Shop\",\"item\":\"https:\/\/turtle.homewizard.energy\/shop\/\"},{\"@type\":\"ListItem\",\"position\":3,\"name\":\"Wi-Fi P1-m\u00e4tare\"}]},{\"@type\":\"WebSite\",\"@id\":\"https:\/\/turtle.homewizard.energy\/#website\",\"url\":\"https:\/\/turtle.homewizard.energy\/\",\"name\":\"HomeWizard\",\"description\":\"Insight in your energy usage\",\"publisher\":{\"@id\":\"https:\/\/turtle.homewizard.energy\/#organization\"},\"potentialAction\":[{\"@type\":\"SearchAction\",\"target\":{\"@type\":\"EntryPoint\",\"urlTemplate\":\"https:\/\/turtle.homewizard.energy\/?s={search_term_string}\"},\"query-input\":{\"@type\":\"PropertyValueSpecification\",\"valueRequired\":true,\"valueName\":\"search_term_string\"}}],\"inLanguage\":\"sv-SE\"},{\"@type\":\"Organization\",\"@id\":\"https:\/\/turtle.homewizard.energy\/#organization\",\"name\":\"HomeWizard\",\"url\":\"https:\/\/turtle.homewizard.energy\/\",\"logo\":{\"@type\":\"ImageObject\",\"inLanguage\":\"sv-SE\",\"@id\":\"https:\/\/turtle.homewizard.energy\/#\/schema\/logo\/image\/\",\"url\":\"\",\"contentUrl\":\"\",\"caption\":\"HomeWizard\"},\"image\":{\"@id\":\"https:\/\/turtle.homewizard.energy\/#\/schema\/logo\/image\/\"},\"sameAs\":[\"https:\/\/www.facebook.com\/HomeWizardBV\/\",\"https:\/\/www.youtube.com\/HomeWizardBV\"]}]}<\/script>\n<!-- \/ Yoast SEO plugin. -->","yoast_head_json":{"title":"Wi-Fi P1-m\u00e4tare - HomeWizard","description":"F\u00e5 insikt i din energianv\u00e4ndning med HomeWizard Wi-Fi P1-m\u00e4taren. Visa detaljerade live- och historiska grafer i Energy-appen.","robots":{"index":"noindex","follow":"follow","max-snippet":"max-snippet:-1","max-image-preview":"max-image-preview:large","max-video-preview":"max-video-preview:-1"},"og_locale":"sv_SE","og_type":"article","og_title":"Wi-Fi P1-m\u00e4tare - HomeWizard","og_description":"F\u00e5 insikt i din energianv\u00e4ndning med HomeWizard Wi-Fi P1-m\u00e4taren. Visa detaljerade live- och historiska grafer i Energy-appen.","og_url":"https:\/\/turtle.homewizard.energy\/sv\/product\/wi-fi-p1-matare\/","og_site_name":"HomeWizard","article_publisher":"https:\/\/www.facebook.com\/HomeWizardBV\/","article_modified_time":"2024-03-08T15:47:44+00:00","og_image":[{"width":800,"height":800,"url":"https:\/\/turtle.homewizard.energy\/wp-content\/uploads\/2021\/11\/P1_meter_front.png","type":"image\/png"}],"twitter_card":"summary_large_image","twitter_misc":{"Ber\u00e4knad l\u00e4stid":"1 minut"},"schema":{"@context":"https:\/\/schema.org","@graph":[{"@type":"WebPage","@id":"https:\/\/turtle.homewizard.energy\/sv\/product\/wi-fi-p1-matare\/","url":"https:\/\/turtle.homewizard.energy\/sv\/product\/wi-fi-p1-matare\/","name":"Wi-Fi P1-m\u00e4tare - HomeWizard","isPartOf":{"@id":"https:\/\/turtle.homewizard.energy\/#website"},"primaryImageOfPage":{"@id":"https:\/\/turtle.homewizard.energy\/sv\/product\/wi-fi-p1-matare\/#primaryimage"},"image":{"@id":"https:\/\/turtle.homewizard.energy\/sv\/product\/wi-fi-p1-matare\/#primaryimage"},"thumbnailUrl":"https:\/\/turtle.homewizard.energy\/wp-content\/uploads\/2021\/11\/P1_meter_front.png","datePublished":"2024-02-21T15:52:18+00:00","dateModified":"2024-03-08T15:47:44+00:00","description":"F\u00e5 insikt i din energianv\u00e4ndning med HomeWizard Wi-Fi P1-m\u00e4taren. Visa detaljerade live- och historiska grafer i Energy-appen.","breadcrumb":{"@id":"https:\/\/turtle.homewizard.energy\/sv\/product\/wi-fi-p1-matare\/#breadcrumb"},"inLanguage":"sv-SE","potentialAction":[{"@type":"ReadAction","target":["https:\/\/turtle.homewizard.energy\/sv\/product\/wi-fi-p1-matare\/"]}]},{"@type":"ImageObject","inLanguage":"sv-SE","@id":"https:\/\/turtle.homewizard.energy\/sv\/product\/wi-fi-p1-matare\/#primaryimage","url":"https:\/\/turtle.homewizard.energy\/wp-content\/uploads\/2021\/11\/P1_meter_front.png","contentUrl":"https:\/\/turtle.homewizard.energy\/wp-content\/uploads\/2021\/11\/P1_meter_front.png","width":800,"height":800},{"@type":"BreadcrumbList","@id":"https:\/\/turtle.homewizard.energy\/sv\/product\/wi-fi-p1-matare\/#breadcrumb","itemListElement":[{"@type":"ListItem","position":1,"name":"Home","item":"https:\/\/turtle.homewizard.energy\/"},{"@type":"ListItem","position":2,"name":"Shop","item":"https:\/\/turtle.homewizard.energy\/shop\/"},{"@type":"ListItem","position":3,"name":"Wi-Fi P1-m\u00e4tare"}]},{"@type":"WebSite","@id":"https:\/\/turtle.homewizard.energy\/#website","url":"https:\/\/turtle.homewizard.energy\/","name":"HomeWizard","description":"Insight in your energy usage","publisher":{"@id":"https:\/\/turtle.homewizard.energy\/#organization"},"potentialAction":[{"@type":"SearchAction","target":{"@type":"EntryPoint","urlTemplate":"https:\/\/turtle.homewizard.energy\/?s={search_term_string}"},"query-input":{"@type":"PropertyValueSpecification","valueRequired":true,"valueName":"search_term_string"}}],"inLanguage":"sv-SE"},{"@type":"Organization","@id":"https:\/\/turtle.homewizard.energy\/#organization","name":"HomeWizard","url":"https:\/\/turtle.homewizard.energy\/","logo":{"@type":"ImageObject","inLanguage":"sv-SE","@id":"https:\/\/turtle.homewizard.energy\/#\/schema\/logo\/image\/","url":"","contentUrl":"","caption":"HomeWizard"},"image":{"@id":"https:\/\/turtle.homewizard.energy\/#\/schema\/logo\/image\/"},"sameAs":["https:\/\/www.facebook.com\/HomeWizardBV\/","https:\/\/www.youtube.com\/HomeWizardBV"]}]}},"_links":{"self":[{"href":"https:\/\/turtle.homewizard.energy\/sv\/wp-json\/wp\/v2\/product\/9060","targetHints":{"allow":["GET"]}}],"collection":[{"href":"https:\/\/turtle.homewizard.energy\/sv\/wp-json\/wp\/v2\/product"}],"about":[{"href":"https:\/\/turtle.homewizard.energy\/sv\/wp-json\/wp\/v2\/types\/product"}],"replies":[{"embeddable":true,"href":"https:\/\/turtle.homewizard.energy\/sv\/wp-json\/wp\/v2\/comments?post=9060"}],"wp:featuredmedia":[{"embeddable":true,"href":"https:\/\/turtle.homewizard.energy\/sv\/wp-json\/wp\/v2\/media\/9061"}],"wp:attachment":[{"href":"https:\/\/turtle.homewizard.energy\/sv\/wp-json\/wp\/v2\/media?parent=9060"}],"wp:term":[{"taxonomy":"product_brand","embeddable":true,"href":"https:\/\/turtle.homewizard.energy\/sv\/wp-json\/wp\/v2\/product_brand?post=9060"},{"taxonomy":"product_cat","embeddable":true,"href":"https:\/\/turtle.homewizard.energy\/sv\/wp-json\/wp\/v2\/product_cat?post=9060"},{"taxonomy":"product_tag","embeddable":true,"href":"https:\/\/turtle.homewizard.energy\/sv\/wp-json\/wp\/v2\/product_tag?post=9060"}],"curies":[{"name":"wp","href":"https:\/\/api.w.org\/{rel}","templated":true}]}}